{"id":17,"date":"2016-01-30T22:37:01","date_gmt":"2016-01-30T21:37:01","guid":{"rendered":"https:\/\/www.fernheiler-burkhard.ch\/gratisprobemonat\/?page_id=17"},"modified":"2023-05-01T17:18:02","modified_gmt":"2023-05-01T15:18:02","slug":"kontakt-impressum-disclaimer-copyright","status":"publish","type":"page","link":"https:\/\/www.fernheiler-burkhard.ch\/anmelden\/kontakt-impressum-disclaimer-copyright\/","title":{"rendered":"Kontakt-Impressum-Disclaimer-Copyright"},"content":{"rendered":"<p><span style=\"color: #990000;\"><strong>Verantwortlicher f\u00fcr Inhalt und Copyright f\u00fcr die Webseiten:<\/strong><\/span><\/p>\n<p>www.fernheiler-burkhard.ch<\/p>\n<p>Hans-Ulrich BURKHARD<br \/>\nKisperstrasse 6<br \/>\nCH 5742 K\u00f6lliken<br \/>\nSchweiz<\/p>\n<p>Telefon +41 627230111<\/p>\n<p>E-Mail: info@tophilfe.ch<\/p>\n<p>\u00a9 2023 und zuk\u00fcnftig alle Rechte vorbehalten.<\/p>\n<p>\u00a9 2023 Auf allen jetzigen und zuk\u00fcnftigen Texten, Inhalten, Bildern, Logos, Filmen etc. auf diesen Webseiten.<\/p>\n<p>Verwendetes Bildmaterial:<br \/>\nDie Bilder und Grafiken die auf dieser Seite verwendet werden sind urheberrechtlich gesch\u00fctzt.<\/p>\n<p>Die Bilder sind entsprechend markiert.<\/p>\n<p>Urheber und Rechtinhaber sind:<\/p>\n<p>www.fotolia.com<\/p>\n<p>www.hu-burkhard.ch<\/p>\n<p><strong>Verst\u00f6sse werden angezeigt und rechtlich geahndet.<\/strong><\/p>\n<p><span style=\"color: #990000;\"><strong>Garantie\/Haftungsausschluss\/Disclaimer f\u00fcr Fernhilfe<\/strong><\/span><\/p>\n<p>Hans-Ulrich BURKHARD f\u00fchrt seine Fernhilfe nach bestem Wissen und Gewissen aus und gew\u00e4hrt in keiner Weise eine Garantie auf Erfolg oder \u00c4hnliches.<\/p>\n<p>Es k\u00f6nnen also keine Garantieanspr\u00fcche auf Dienstleistungen von Hans-Ulrich BURKHARD geltend gemacht werden.<\/p>\n<p>Der Erfolg der Dienstleistungen von Hans-Ulrich BURKHARD h\u00e4ngt in wesentlichem Masse von der aktiven und gewissenhaften Mithilfe des Kunden ab.<\/p>\n<p>Es kann also sein, dass einige Personen keine positiven Resultate erzielen werden.<\/p>\n<p><strong>Am besten testen Sie kostenlos mit dem Gratis-Fernhilfeprobemonat oder verg\u00fcnstigt mit der Fernhilfe Neukunden-Aktion, welchen Erfolg Sie damit haben.<\/strong><\/p>\n<p><span style=\"color: #990000;\"><strong>Haftungsausschluss &#8211; Schutzrechtsverletzung<\/strong><\/span><\/p>\n<p><span style=\"color: #990000;\"><strong>KEINE ABMAHNUNG OHNE VORHERIGEN KONTAKT!<\/strong><\/span><\/p>\n<p>Sollte der Inhalt oder die Aufmachung dieser Webseite gesetzliche Bestimmungen oder Rechte Dritter verletzen, bitten wir um eine entsprechende Nachricht ohne Kostennote.<\/p>\n<p>Wir versichern, dass zu Recht beanstandete Passagen unverz\u00fcglich entfernt oder berichtigt werden, ohne dass von Ihrer Seite die Einschaltung eines Rechtbeistandes erforderlich wird.<\/p>\n<p>Die zeitaufw\u00e4ndigere Einschaltung eines Anwaltes, das f\u00fcr den Dienstanbieter zur kostenpflichtigen Abmahnung f\u00fchrt, entspricht nicht wirklichem oder mutmasslichem Willen des Schutzrechtinhabers.<\/p>\n<p>Entstandene Kosten ohne vorherige Kontaktaufnahme werden vollumf\u00e4nglich zur\u00fcckgewiesen und l\u00f6sen gegebenenfalls eine Gegenklage wegen Verletzung vorgenannter Bestimmungen aus.<\/p>\n<p>Der Inhalt meiner Webseiten unterliegt dem schweizerischen Recht meines Wohnortes.<\/p>\n<p><span style=\"color: #990000;\"><strong>Haftungsausschluss\/Disclaimer<\/strong><\/span><\/p>\n<p>F\u00fcr die Richtigkeit, Vollst\u00e4ndigkeit und Aktualit\u00e4t der Inhalte k\u00f6nnen wir jedoch keine Gew\u00e4hr \u00fcbernehmen.<\/p>\n<p>Als Diensteanbieter sind wir gem\u00e4\u00df \u00a7 7 Abs.1 TMG f\u00fcr eigene Inhalte auf diesen Seiten nach den allgemeinen Gesetzen verantwortlich.<\/p>\n<p>Nach \u00a7\u00a7 8 bis 10 TMG sind wir als Diensteanbieter jedoch nicht verpflichtet, \u00fcbermittelte oder gespeicherte fremde Informationen zu \u00fcberwachen oder nach Umst\u00e4nden zu forschen, die auf eine rechtswidrige T\u00e4tigkeit hinweisen.<\/p>\n<p>Verpflichtungen zur Entfernung oder Sperrung der Nutzung von Informationen nach den allgemeinen Gesetzen bleiben hiervon unber\u00fchrt.<\/p>\n<p>Eine diesbez\u00fcgliche Haftung ist jedoch erst ab dem Zeitpunkt der Kenntnis einer konkreten Rechtsverletzung m\u00f6glich.<\/p>\n<p>Bei bekannt werden von entsprechenden Rechtsverletzungen werden wir diese Inhalte umgehend entfernen.<\/p>\n<p><span style=\"color: #990000;\"><strong>Haftungausschluss f\u00fcr Links<\/strong><\/span><\/p>\n<p>Unser Angebot enth\u00e4lt eventuell Links zu externen Webseiten Dritter, auf deren Inhalte wir keinen Einfluss haben.<\/p>\n<p>Deshalb k\u00f6nnen wir f\u00fcr diese fremden Inhalte auch keine Gew\u00e4hr \u00fcbernehmen.<\/p>\n<p>F\u00fcr die Inhalte der verlinkten Seiten ist stets der jeweilige Anbieter oder Betreiber der Seiten verantwortlich.<\/p>\n<p>Die verlinkten Seiten wurden zum Zeitpunkt der Verlinkung auf m\u00f6gliche Rechtsverst\u00f6sse \u00fcberpr\u00fcft.<\/p>\n<p>Rechtswidrige Inhalte waren zum Zeitpunkt der Verlinkung nicht erkennbar.<\/p>\n<p>Eine permanente inhaltliche Kontrolle der verlinkten Seiten ist jedoch ohne konkrete Anhaltspunkte einer Rechtsverletzung nicht zumutbar.<\/p>\n<p>Bei bekannt werden von Rechtsverletzungen werden wir derartige Links umgehend entfernen.<\/p>\n<p><span style=\"color: #990000;\"><strong>Urheberrecht<\/strong><\/span><\/p>\n<p>Die durch die Seitenbetreiber erstellten Inhalte und Werke auf diesen Seiten unterliegen dem schweizerischen Urheberrecht.<\/p>\n<p>Beitr\u00e4ge Dritter sind als solche gekennzeichnet.<\/p>\n<p>Die Vervielf\u00e4ltigung, Bearbeitung, Verbreitung und jede Art der Verwertung ausserhalb der Grenzen des Urheberrechtes bed\u00fcrfen der schriftlichen Zustimmung des jeweiligen Autors bzw. Erstellers. Downloads und Kopien dieser Seite sind nur f\u00fcr den privaten, nicht kommerziellen Gebrauch gestattet.<br \/>\nDie Betreiber der Seiten sind bem\u00fcht, stets die Urheberrechte anderer zu beachten bzw. auf selbst erstellte sowie lizenzfreie Werke zur\u00fcckzugreifen.<\/p>\n<p>Datenschutz<br \/>\nSoweit auf unseren Seiten personenbezogene Daten (beispielsweise Name, Anschrift oder Email-Adressen) erhoben werden, erfolgt dies soweit m\u00f6glich stets auf freiwilliger Basis.<\/p>\n<p>Die Nutzung der Angebote und Dienste ist, soweit m\u00f6glich, stets ohne Angabe personenbezogener Daten m\u00f6glich.<\/p>\n<p>Wir weisen darauf hin, dass die Daten\u00fcbertragung im Internet (z.B. bei der Kommunikation per Email) Sicherheitsl\u00fccken aufweisen kann.<\/p>\n<p>Ein l\u00fcckenloser Schutz der Daten vor dem Zugriff durch Dritte ist nicht m\u00f6glich.<\/p>\n<p>Der Nutzung von im Rahmen der Impressumspflicht ver\u00f6ffentlichten Kontaktdaten durch Dritte zur \u00dcbersendung von nicht ausdr\u00fccklich angeforderter Werbung und Informationsmaterialien wird hiermit ausdr\u00fccklich widersprochen.<\/p>\n<p>Die Betreiber der Seiten behalten sich ausdr\u00fccklich rechtliche Schritte im Falle der unverlangten Zusendung von Werbeinformationen, etwa durch Spam-Mails, vor.<\/p>\n<p>Quelle: eRecht24.de &#8211; Rechtsberatung von Anwalt S\u00f6ren Siebert<\/p>\n","protected":false},"excerpt":{"rendered":"<p>Verantwortlicher f\u00fcr Inhalt und Copyright f\u00fcr die Webseiten: www.fernheiler-burkhard.ch Hans-Ulrich BURKHARD Kisperstrasse 6 CH 5742 K\u00f6lliken Schweiz Telefon +41 627230111 E-Mail: info@tophilfe.ch \u00a9 2023 und zuk\u00fcnftig alle Rechte vorbehalten. \u00a9 2023 Auf allen jetzigen und zuk\u00fcnftigen Texten, Inhalten, Bildern, Logos, Filmen etc. auf diesen Webseiten. Verwendetes Bildmaterial: Die Bilder und Grafiken die auf dieser Seite&#8230;<\/p>\n","protected":false},"author":1,"featured_media":0,"parent":0,"menu_order":0,"comment_status":"closed","ping_status":"open","template":"","meta":{"footnotes":""},"class_list":["post-17","page","type-page","status-publish","hentry"],"aioseo_notices":[],"_links":{"self":[{"href":"https:\/\/www.fernheiler-burkhard.ch\/anmelden\/wp-json\/wp\/v2\/pages\/17","targetHints":{"allow":["GET"]}}],"collection":[{"href":"https:\/\/www.fernheiler-burkhard.ch\/anmelden\/wp-json\/wp\/v2\/pages"}],"about":[{"href":"https:\/\/www.fernheiler-burkhard.ch\/anmelden\/wp-json\/wp\/v2\/types\/page"}],"author":[{"embeddable":true,"href":"https:\/\/www.fernheiler-burkhard.ch\/anmelden\/wp-json\/wp\/v2\/users\/1"}],"replies":[{"embeddable":true,"href":"https:\/\/www.fernheiler-burkhard.ch\/anmelden\/wp-json\/wp\/v2\/comments?post=17"}],"version-history":[{"count":12,"href":"https:\/\/www.fernheiler-burkhard.ch\/anmelden\/wp-json\/wp\/v2\/pages\/17\/revisions"}],"predecessor-version":[{"id":1396,"href":"https:\/\/www.fernheiler-burkhard.ch\/anmelden\/wp-json\/wp\/v2\/pages\/17\/revisions\/1396"}],"wp:attachment":[{"href":"https:\/\/www.fernheiler-burkhard.ch\/anmelden\/wp-json\/wp\/v2\/media?parent=17"}],"curies":[{"name":"wp","href":"https:\/\/api.w.org\/{rel}","templated":true}]}}