{"id":21,"date":"2016-01-31T15:59:18","date_gmt":"2016-01-31T14:59:18","guid":{"rendered":"https:\/\/www.fernheiler-burkhard.ch\/gratisprobemonat\/?page_id=21"},"modified":"2019-01-10T18:17:14","modified_gmt":"2019-01-10T17:17:14","slug":"mehr-ueber-geistige-fernhilfe","status":"publish","type":"page","link":"https:\/\/www.fernheiler-burkhard.ch\/anmelden\/","title":{"rendered":"Mehr \u00fcber geistige Fernhilfe"},"content":{"rendered":"<h1><span style=\"color: #990000;\">Gesundheit &#8211; Partnerschaft &#8211; Beruf &#8211; Erfolg<\/span><\/h1>\n<hr \/>\n<p><div class=\"gdc_row\"><div class=\"gdc_column gdc_chalf\"><div class=\"gdc_inner\"><br \/>\n<span style=\"color: #990000;\"><strong>Gesundheit und Vitalit\u00e4t<\/strong><\/span><\/p>\n<p>Wenn Sie endlich von Grund auf gesund und vital sein wollen.<br \/>\nWenn Sie K\u00f6rper, Geist und Seele in Einklang bringen wollen.<br \/>\nWenn Sie die Selbstheilkr\u00e4fte aktivieren wollen.<br \/>\n<\/div><\/div><div class=\"gdc_column gdc_chalf\"><div class=\"gdc_inner\"><br \/>\n<span style=\"color: #990000;\"><strong>Partnerschaft und Liebe<\/strong><\/span><\/p>\n<p>Wenn Sie endlich Ihren Seelenpartner haben wollen.<br \/>\nWenn Sie die Liebe in der Partnerschaft wieder beleben wollen.<br \/>\nWenn Sie ein Liebesmagnet werden wollen.<br \/>\n<\/div><\/div><\/div><br \/>\n<div class=\"gdc_row\"><div class=\"gdc_column gdc_chalf\"><div class=\"gdc_inner\"><br \/>\n<span style=\"color: #990000;\"><strong>Beruf und Berufung<\/strong><\/span><\/p>\n<p>Wenn Sie endlich beruflich erfolgreich sein wollen.<br \/>\nWenn Sie endlich Ihre Berufung finden wollen.<br \/>\nWenn Sie Ihrer Berufung folgen wollen.<br \/>\nWenn Sie Ihr eigener Chef werden wollen.<br \/>\n<\/div><\/div><div class=\"gdc_column gdc_chalf\"><div class=\"gdc_inner\"><br \/>\n<strong><span style=\"color: #990000;\">Geld und Lebenserfolg<\/span><\/strong><\/p>\n<p>Wenn Sie endlich finanziell erfolgreich sein wollen.<br \/>\nWenn Sie eine optimale Einstellung zu Geld und Lebenserfolg aktivieren wollen.<br \/>\nWenn Sie ein Geldmagnet werden wollen.<br \/>\n<\/div><\/div><\/div><\/p>\n<hr \/>\n<h3>\u00a0<span style=\"color: #990000;\">K\u00f6rper, Geist und Seele<\/span><\/h3>\n<p>Grundlage der Geistheilung und der geistigen Fernhilfe ist das erprobte Verst\u00e4ndnis, dass Gedanken Energie sind.<\/p>\n<p>Gute Gedanken an Harmonie, Gesundheit, Freude, Liebe, Entfaltung und Wohlstand l\u00f6sen gute Gef\u00fchle, positives Handeln und erfolgreiches Gelingen aus.<\/p>\n<p>K\u00f6rper, Geist und Seele werden ruhig und entspannt und k\u00f6nnen so harmonisch zusammenwirken, was sich k\u00f6rperlich und seelisch in Gesundheit, Wohlbefinden und in einem liebevollen Ausdruck \u00e4ussert.<\/p>\n<p>Da viele Menschen ihren Gedanken und Gef\u00fchlen unkontrolliert freien Lauf lassen und sich so alsbald in Kummer, Sorgen und Mangeldenken verstricken, \u00e4ussert sich ihre \u201ereale Welt\u201c entsprechend mit Krankheiten, Problemen, Schmerzen, Leid und Mangel.<\/p>\n<p>Die Erfahrung beweist, dass man auch seinen Mitmenschen gute, aufbauende, und liebevolle Gedanken schicken und widmen kann, welche dann eine Harmonisierung, Gesundung und Entfaltung in den Mitmenschen ausl\u00f6sen.<\/p>\n<p>Die professionelle Fernhilfe, welche ich anbiete, funktioniert also entsprechend diesen Naturgesetzen:<\/p>\n<ul>\n<li><strong>Gedanken = Energie<\/strong><\/li>\n<li><strong>Positive Gedankenenergie = Heilsame und harmonisierende gute Energie<\/strong><\/li>\n<li><strong>Gute Gedankenenergie an Patienten = Heilsame und harmonisierende Wirkung im Patienten<\/strong><\/li>\n<\/ul>\n<p>Auch wenn dieses Prinzip simpel klingen mag und tats\u00e4chlich funktioniert, ist es dennoch nicht ganz so simpel zu praktizieren.<\/p>\n<hr \/>\n<h3><span style=\"color: #990000;\">Bewusstsein und Unterbewusstsein<\/span><\/h3>\n<p>Wenn Bewusstsein und Unterbewusstsein in harmonischen Einklang sind, k\u00f6nnen wir unbegrenzt aus dem universellen Bewusstsein sch\u00f6pfen.<\/p>\n<p>Dies spiegelt sich in unseren Lebensumst\u00e4nden als Gesundheit, Erfolg, Zufriedenheit und gutes Gelingen in allen Lebensbereichen.<\/p>\n<p>Das Bewusstsein ist unser Verstand und unsere Gedanken.<\/p>\n<p>Diese Gedanken beeinflussen das Unterbewusstsein.<\/p>\n<p>Das Unterbewusstsein ist in unserem Solarplexus (obere Bauchmitte) und ist ein treuer Diener und f\u00fchrt alles aus, was ihm vom Bewusstsein wiederholt gesendet wurde.<\/p>\n<p><strong>Vertrauen ist der gr\u00f6sste positive Multiplikator.<\/strong><\/p>\n<p>Vertrauen l\u00e4sst das Unterbewusstsein aufbl\u00fchen und vergr\u00f6ssert seine Strahlkraft.<\/p>\n<p>Gesundheit, Erfolg und Wohlbefinden sind die Folge.<\/p>\n<p><strong>Angst ist der gr\u00f6sste negative Multiplikator.<\/strong><\/p>\n<p>Angst l\u00e4sst das Unterbewusstsein schrumpfen und blockiert die Lebensenergie.<br \/>\nKrankheit, Mangel und Beschwerden sind die Folge.<\/p>\n<p>Bewusstsein und Unterbewusstsein werden dann in harmonischem Einklang sein, wenn vom Verstand und den Gedanken her vorwiegend aufbauende, positive, vertrauens- und liebevolle Energie an das Unterbewusstsein gesendet werden.<\/p>\n<p>Je mehr das Unterbewusstsein aufbl\u00fcht und seine volle Strahlkraft fliessen lassen kann, desto mehr \u00f6ffnet sich auch der Kanal zur Urquelle dieser Strahlkraft.<\/p>\n<p>Diese Urquelle aller Energie ist das universelle Bewusstsein.<\/p>\n<p>Daraus kann alles Lebendige endlos und unbegrenzt sch\u00f6pfen.<\/p>\n<hr \/>\n<h3><span style=\"color: #990000;\">Was mit geistiger Fernhilfe behandelt werden kann<\/span><\/h3>\n<p>Wir sind ganzheitliche Wesen und in uns und um uns herum ist alles miteinander verkn\u00fcpft und verbunden.<\/p>\n<p>Jede Ursache l\u00f6st eine Wirkung aus.<\/p>\n<p>Jede Wirkung ist automatisch wieder Ursache f\u00fcr eine weitere Wirkung.<\/p>\n<p>Dadurch entstehen Kettenreaktionen, die immer mehr und mehr an \u00a0Eigendynamik und an Wirkungskraft gewinnen.<\/p>\n<p>Letztendlich wird alles zu einer Gewohnheit oder einer Art Automatismus.<\/p>\n<p>Wenn die urspr\u00fcngliche Ursache eher negativ gef\u00e4rbt war, dann l\u00f6st das nat\u00fcrlich negative Kettenreaktionen aus.<\/p>\n<p><strong>Fazit:<\/strong><\/p>\n<p>Wenn Sie wieder mehr Gesundheit, mehr Erfolg und Harmonie in Ihr Leben bringen wollen, ist es nicht unbedingt so wichtig, wo man damit beginnt wieder heilsam-positive Ursachen zu setzen, sondern dass man \u00fcberhaupt einfach irgendwo anf\u00e4ngt.<\/p>\n<p>Am sinnvollsten ist es immer, zuerst mit den kleinen Problemen, St\u00f6rungen und Beschwerden zu beginnen, damit man bald einmal Erfolgserlebnisse sieht.<\/p>\n<p>Erstens motiviert das zum Weitermachen und Dranbleiben und zweitens wirkt sich das so oder so auch schon positiv auf die grossen Probleme aus, \u2013 Kettenreaktion sei Dank.<\/p>\n<p><strong>Grunds\u00e4tzlich k\u00f6nnen alle erdenklichen Lebensprobleme, Beschwerden, \u00dcbel und Umst\u00e4nde mit geistiger Fernhilfe positiv unterst\u00fctzt werden.<\/strong><\/p>\n<p><strong><span style=\"color: #990000;\">Also, &#8211; packen wir es zusammen an&#8230;&#8230;o<\/span><span style=\"color: #990000;\">der haben Sie noch Fragen?<\/span><\/strong><\/p>\n<p><strong><span style=\"text-decoration: underline; color: #990000;\"><a href=\"https:\/\/www.fernheiler-burkhard.ch\/gratisprobemonat\/faqs-die-meistgestellten-fragen\/\">Hier meine Antworten auf die meistgestellten Fragen &#8211; FAQ\u2019S-Seite (Klick)<\/a><\/span><\/strong><\/p>\n<hr \/>\n<p><a href=\"https:\/\/www.fernheiler-burkhard.ch\/mehr-ueber-mich\/\"><img loading=\"lazy\" decoding=\"async\" class=\"alignnone size-medium wp-image-278\" src=\"https:\/\/www.fernheiler-burkhard.ch\/wp-content\/uploads\/2015\/10\/03-Foto-Hans-Ulrich-BURKHARD-300x219.jpg\" alt=\"03-Foto-Hans-Ulrich BURKHARD\" width=\"300\" height=\"219\" \/><\/a><\/p>\n<p>Mit h\u00f6flicher Empfehlung<\/p>\n<p><strong>Hans-Ulrich BURKHARD<\/strong><\/p>\n","protected":false},"excerpt":{"rendered":"<p>Gesundheit &#8211; Partnerschaft &#8211; Beruf &#8211; Erfolg \u00a0K\u00f6rper, Geist und Seele Grundlage der Geistheilung und der geistigen Fernhilfe ist das erprobte Verst\u00e4ndnis, dass Gedanken Energie sind. Gute Gedanken an Harmonie, Gesundheit, Freude, Liebe, Entfaltung und Wohlstand l\u00f6sen gute Gef\u00fchle, positives Handeln und erfolgreiches Gelingen aus. K\u00f6rper, Geist und Seele werden ruhig und entspannt und k\u00f6nnen&#8230;<\/p>\n","protected":false},"author":1,"featured_media":0,"parent":0,"menu_order":0,"comment_status":"closed","ping_status":"open","template":"","meta":{"footnotes":""},"class_list":["post-21","page","type-page","status-publish","hentry"],"aioseo_notices":[],"_links":{"self":[{"href":"https:\/\/www.fernheiler-burkhard.ch\/anmelden\/wp-json\/wp\/v2\/pages\/21","targetHints":{"allow":["GET"]}}],"collection":[{"href":"https:\/\/www.fernheiler-burkhard.ch\/anmelden\/wp-json\/wp\/v2\/pages"}],"about":[{"href":"https:\/\/www.fernheiler-burkhard.ch\/anmelden\/wp-json\/wp\/v2\/types\/page"}],"author":[{"embeddable":true,"href":"https:\/\/www.fernheiler-burkhard.ch\/anmelden\/wp-json\/wp\/v2\/users\/1"}],"replies":[{"embeddable":true,"href":"https:\/\/www.fernheiler-burkhard.ch\/anmelden\/wp-json\/wp\/v2\/comments?post=21"}],"version-history":[{"count":32,"href":"https:\/\/www.fernheiler-burkhard.ch\/anmelden\/wp-json\/wp\/v2\/pages\/21\/revisions"}],"predecessor-version":[{"id":964,"href":"https:\/\/www.fernheiler-burkhard.ch\/anmelden\/wp-json\/wp\/v2\/pages\/21\/revisions\/964"}],"wp:attachment":[{"href":"https:\/\/www.fernheiler-burkhard.ch\/anmelden\/wp-json\/wp\/v2\/media?parent=21"}],"curies":[{"name":"wp","href":"https:\/\/api.w.org\/{rel}","templated":true}]}}