{"id":27,"date":"2016-01-31T16:06:29","date_gmt":"2016-01-31T15:06:29","guid":{"rendered":"https:\/\/www.fernheiler-burkhard.ch\/gratisprobemonat\/?page_id=27"},"modified":"2022-10-29T08:31:50","modified_gmt":"2022-10-29T06:31:50","slug":"faqs-die-meistgestellten-fragen","status":"publish","type":"page","link":"https:\/\/www.fernheiler-burkhard.ch\/anmelden\/faqs-die-meistgestellten-fragen\/","title":{"rendered":"FAQ&#8217;S-Die meistgestellten Fragen"},"content":{"rendered":"<h3><span style=\"color: #990000;\">FAQ&#8217;S &#8211; Antworten auf die am meisten gestellten Fragen zur geistigen Fernhilfe an Hans-Ulrich BURKHARD<\/span><\/h3>\n<hr \/>\n<p><strong>Zu welcher Tageszeit wird die Fernhilfe durchgef\u00fchrt?<\/strong><\/p>\n<ul>\n<li>Die Normal-Fernhilfe f\u00fchre ich in der Regel am Vormittag durch.<\/li>\n<li>Die Intensiv-Fernhilfe f\u00fchre ich in der Regel am Vormittag, gegen Mittag und am Abend durch.<\/li>\n<li>Die Fernhilfe wird von Mo &#8211; Fr t\u00e4glich f\u00fcr jede Person einzeln durchgef\u00fchrt.<br \/>\nAn Sa und So mache ich keine Einzel-Fernhilfe, sondern eine &#8222;Gemeinschafts-Fernhilfe&#8220;, damit die positive Grundenergie sch\u00f6n im Fluss bleibt f\u00fcr Alle.<br \/>\nIn Spezialf\u00e4llen wie z.B. sportlichen Wettk\u00e4mpfen, \u00f6ffentlichen Auftritten etc. und bei vorheriger Vereinbarung betreffs Datum\/Zeit und Honorierung mache ich auch Einzel-Fernhilfe.<\/li>\n<li>Ausnahmen: Wenn ich auf Reisen bin, in den Ferien weile oder mit einem Seminar tags\u00fcber engagiert bin, f\u00fchre ich die Fernhilfe in den Randstunden am Morgen und Abend durch.<\/li>\n<\/ul>\n<hr \/>\n<p><strong>Brauchen Sie keine Foto f\u00fcr die Fernhilfe?<\/strong><\/p>\n<ul>\n<li>Nein, &#8211; in den ersten Jahren meiner T\u00e4tigkeit benutzte ich eine Foto als visuelle Konzentrationshilfe. Bald merkte ich aber, dass mich das zum Teil mehr oberfl\u00e4chlich ablenkte als unterst\u00fctzte. Seit ein paar Jahren benutze ich deshalb in der Regel keine Fotos mehr. Meine \u201eEinwirkung\u201c und \u201eVerbindung\u201c entsteht vor allem \u00fcber das Gef\u00fchl, indem ich mich in die zu unterst\u00fctzende Person \u201eeinf\u00fchle\u201c.<\/li>\n<\/ul>\n<hr \/>\n<p><strong>Was passiert, wenn ich falsche Angaben zu meiner Person oder dem Problem\/Wunsch gemacht habe &#8211; geschieht dann eine negative Wirkung?<\/strong><\/p>\n<ul>\n<li>Nein, es geschieht keine negative Wirkung. Da ich meine Unterst\u00fctzung mit der \u201ementalen Sicherung\u201c \u201ezum h\u00f6chsten Wohle Aller\u201c mache, wird nichts Nachteiliges passieren. Im schlimmsten Fall bleibt einfach alles neutral und so wie es ist.<\/li>\n<li>Wenn Sie also eine optimale Wirkung durch die Fernhilfe w\u00fcnschen, machen Sie am besten alle Angaben wahrheitsgetreu, sonst betr\u00fcgen Sie nur sich selber.<\/li>\n<\/ul>\n<hr \/>\n<p><strong>Muss ich als Fernhilfe-Empf\u00e4nger den genauen, t\u00e4glichen Fernhilfe-Zeitpunkt kennen?<\/strong><\/p>\n<ul>\n<li>Nein, weil geistige Fernhilfe weder an Raum, noch Zeit gebunden ist. Sie wirkt \u00fcber die Gedanken und die universellen Naturkr\u00e4fte, welche immer und \u00fcberall pr\u00e4sent sind.<\/li>\n<\/ul>\n<hr \/>\n<p><strong>Muss ich als Fernhilfe-Empf\u00e4nger etwas Spezielles dazu beitragen, dass ich von der Fernhilfe optimal profitiere?<\/strong><\/p>\n<ul>\n<li>Ja, es ist sinnvoll und hat sich als sehr positiv erwiesen, wenn Sie sich auch einmal t\u00e4glich regelm\u00e4ssig Zeit nehmen, um sich auf die Fernhilfe-Unterst\u00fctzung und die Verwirklichung Ihrer W\u00fcnsche und Ziele einzustellen.<\/li>\n<li>Am besten wiederholen Sie dies t\u00e4glich zu ungef\u00e4hr der gleichen Tageszeit. So entsteht eine Art &#8222;Gewohnheits-Muster&#8220;, was mit der Zeit eine gewisse Eigendynamik entstehen l\u00e4sst, welche die Verwirklichung Ihrer W\u00fcnsche und Ziele zus\u00e4tzlich beschleunigt. In Ausnahmef\u00e4llen k\u00f6nnen Sie Ihre \u00dcbung auch zu einem beliebigen Tageszeitpunkt durchf\u00fchren.<\/li>\n<\/ul>\n<hr \/>\n<p><strong>Gibt es zus\u00e4tzliche M\u00f6glichkeiten, dass meine W\u00fcnsche und Ziele schneller verwirklicht werden?<\/strong><\/p>\n<ul>\n<li>Ja, indem Sie achtsam werden und im Alltag m\u00f6glichst viele Dinge, Taten, Worte und Gef\u00fchle weglassen, welche der Verwirklichung Ihrer W\u00fcnsche und Ziele im Wege stehen oder diese hemmen.<\/li>\n<li>Weiter, indem Sie im Alltag m\u00f6glichst viele Dinge, Taten, Worte und Gef\u00fchle zulassen, welche die Verwirklichung Ihrer W\u00fcnsche und Ziele beg\u00fcnstigen.<\/li>\n<li>Zudem sollten Sie nach und nach eine gewisse Bereitschaft zeigen, um Ver\u00e4nderungen zuzulassen. Denn oft muss zuerst Altes losgelassen werden, bevor Neues entstehen kann. Das wird am Anfang oft als schmerzhaft oder als &#8222;Erstverschlimmerung&#8220; empfunden.<\/li>\n<\/ul>\n<hr \/>\n<p><strong>Gibt es bei der geistigen Fernhilfe &#8222;Nebenwirkungen&#8220; wie bei den Medikamenten?<\/strong><\/p>\n<ul>\n<li>Nein, weil ich nur mit positiven, aufbauenden, liebevollen und lebensbejahenden Gedanken und Energien mithelfe, Ihre W\u00fcnsche und Ziele zu verwirklichen.<\/li>\n<li>Allerdings kann es vorkommen, dass Sie am Anfang der geistigen Fernhilfe-Behandlung eine Art &#8222;Erstverschlimmerung&#8220; Ihrer gegenw\u00e4rtigen Problematiken oder Beschwerden empfinden. Dies h\u00e4ngt aber nicht mit der Fernhilfe als solches zusammen, sondern mit dem (noch) Festhalten an den alten Mustern, welche ja die Problematiken entstehen liessen.<\/li>\n<li>Sie k\u00f6nnen dies verhindern, indem Sie sich mit allen Sinnen in die Verwirklichung Ihrer W\u00fcnsche und Ziele vertiefen und im Alltag m\u00f6glichst viel Unterst\u00fctzendes tun mit Taten, Worten, Gedanken und Gef\u00fchlen.<\/li>\n<\/ul>\n<hr \/>\n<p><strong>Werde ich einzeln oder kollektiv mit anderen Personen mit Fernhilfe unterst\u00fctzt?<\/strong><\/p>\n<ul>\n<li>Sie werden t\u00e4glich von mir einzeln und individuell mit der geistigen Fernhilfe zur Verwirklichung Ihrer W\u00fcnsche und Ziele unterst\u00fctzt. Ich wirke mit konzentrierter Mentalenergie auf jede einzelne Person solange ein, bis ich das Gef\u00fchl habe, dass die positive Energie aktiviert ist und nun mit einer gewissen Eigendynamik weiterwirkt.<\/li>\n<li>Durch die t\u00e4gliche Wiederholung und Ihr aktives Mithelfen, werden die Blockaden immer geringer und die positiven Kan\u00e4le immer freier, so dass die &#8222;Wunsch-Verwirklichungsenergie&#8220; immer intensiver und tiefer wirken kann.<\/li>\n<\/ul>\n<hr \/>\n<p><strong>Werde ich auch mit Fernhilfe unterst\u00fctzt, wenn Sie, Herr Burkhard, in den Ferien sind?<\/strong><\/p>\n<ul>\n<li>Ja, seit mehr als 40 Jahren habe ich nie mehr einen Unterbruch gemacht mit den t\u00e4glichen Einwirkungen. Wenn ich in den Ferien, auf Reisen oder einem Auslandaufenthalt bin, mache ich die Fernhilfe meist am Vormittag oder am Abend.<\/li>\n<li>Dass ich keine Unterbr\u00fcche mit der Fernhilfe mache, hat zugegebener-massen auch etwas mit pers\u00f6nlichem Eigennutz zu tun. Denn ich merke, dass es mir pers\u00f6nlich auch hervorragend geht, wenn ich mich gezielt, konzentriert und dennoch entspannt mit positiven Gedanken, guten Gef\u00fchlen und der Aktivierung von positiven W\u00fcnschen und Zielen t\u00e4glich besch\u00e4ftige.<\/li>\n<\/ul>\n<hr \/>\n<p><strong>Muss ich als Fernhilfe-Empf\u00e4nger zuhause sein w\u00e4hrend der Fernhilfe-Unterst\u00fctzung oder kann ich normal zur Arbeit gehen und auch auf Reisen oder in die Ferien gehen?<\/strong><\/p>\n<ul>\n<li>Sie k\u00f6nnen sich auf der ganzen Welt frei bewegen, so wie ich das auch tue. Wir nehmen uns selber ja immer mit. Zudem sind wir universelle Wesen, die \u00fcberall auf dieser Welt von der allumfassenden Lebensenergie gen\u00e4hrt, gef\u00fchrt und unterst\u00fctzt werden.<\/li>\n<li>Machen Sie wann immer m\u00f6glich, einfach Ihre t\u00e4gliche \u00dcbung wie in der Fernhilfebest\u00e4tigung von mir beschrieben. So finden unsere Kr\u00e4fte zueinander und wirken optimal zu Ihren Gunsten, egal wo Sie sich gerade aufhalten.<\/li>\n<\/ul>\n<hr \/>\n<p><strong>Wirkt Fernhilfe bei jeder Person?<\/strong><\/p>\n<ul>\n<li>Grunds\u00e4tzlich wirkt die geistige Fernhilfe immer, so wie auch die Liebe immer wirkt. Es ist einfach so, dass viele Menschen so sehr in negativen Mustern gefangen sind und kein oder wenig Vertrauen in sich selbst, in Gott, in die Natur und in die Mitmenschen mehr haben, dass es oft sehr viel Zeit braucht, um diesen Kreis zu durchbrechen.<\/li>\n<li>Wer also mit einer gesunden Offenheit mithilft und durch Loslassen von hemmenden und blockierenden Mustern und Verhaltensweisen den Weg frei macht f\u00fcr Neues und Erw\u00fcnschtes, wird auch rein real eine positive Wirkung feststellen k\u00f6nnen und erleben.<\/li>\n<li>Von meiner Seite her kann und will und kann ich nichts erzwingen. Ich arbeite einfach jeden Tag kontinuierlich an der Aktivierung der positiven &#8222;Wunsch-Verwirklichungsenergie&#8220;. Doch letztendlich bestimmt der Fernhilfe-Empf\u00e4nger das Mass, wie viel in ihm oder durch ihn zum Ausdruck kommen kann, darf und soll.<\/li>\n<\/ul>\n<hr \/>\n<p><strong>Wird die Fernhilfe nach Ablauf automatisch verl\u00e4ngert und muss ich k\u00fcndigen?<\/strong><\/p>\n<ul>\n<li>Nein, die Fernhilfe wird nach Ablauf nicht automatisch verl\u00e4ngert. Sie haben absolut keine Verpflichtungen diese weiterzuf\u00fchren. Sie m\u00fcssen auch nicht k\u00fcndigen, es ist also nicht mit einem Abo oder \u00e4hnliches verbunden.<\/li>\n<li>Selbstverst\u00e4ndlich k\u00f6nnen Sie die Fernhilfe verl\u00e4ngern, wenn Sie dies m\u00f6chten. Ich werde Sie nach Ablauf um einen kurzen Abschlussbericht bitten und nachfragen ob Sie eine eventuelle Verl\u00e4ngerung w\u00fcnschen. Falls Sie dies dann w\u00fcnschen, m\u00fcssen Sie sich aber erneut anmelden und dann zuerst eine Zahlung ausf\u00fchren, bevor ich mit der Verl\u00e4ngerung weiter mache.<\/li>\n<\/ul>\n<hr \/>\n<p><strong>Wie kann ich die Fernhilfe nach Ablauf verl\u00e4ngern und was kostet das?<\/strong><\/p>\n<ul>\n<li>Sie k\u00f6nnen die Fernhilfe entweder per Email oder \u00fcber das Online-Anmeldeformular verl\u00e4ngern.<\/li>\n<li>Alle Details f\u00fcr eine eventuelle Verl\u00e4ngerungen der Fernhilfe erhalten Sie gegen Ablauf der Fernhilfe automatisch oder vorher schon auf Anfrage.<\/li>\n<\/ul>\n<p>Der Grundpreis f\u00fcr 1 Monat Intensiv-Fernhilfe kostet CHF \/ \u20acuro 200.-<\/p>\n","protected":false},"excerpt":{"rendered":"<p>FAQ&#8217;S &#8211; Antworten auf die am meisten gestellten Fragen zur geistigen Fernhilfe an Hans-Ulrich BURKHARD Zu welcher Tageszeit wird die Fernhilfe durchgef\u00fchrt? Die Normal-Fernhilfe f\u00fchre ich in der Regel am Vormittag durch. Die Intensiv-Fernhilfe f\u00fchre ich in der Regel am Vormittag, gegen Mittag und am Abend durch. Die Fernhilfe wird von Mo &#8211; Fr t\u00e4glich&#8230;<\/p>\n","protected":false},"author":1,"featured_media":0,"parent":0,"menu_order":0,"comment_status":"closed","ping_status":"open","template":"","meta":{"footnotes":""},"class_list":["post-27","page","type-page","status-publish","hentry"],"aioseo_notices":[],"_links":{"self":[{"href":"https:\/\/www.fernheiler-burkhard.ch\/anmelden\/wp-json\/wp\/v2\/pages\/27","targetHints":{"allow":["GET"]}}],"collection":[{"href":"https:\/\/www.fernheiler-burkhard.ch\/anmelden\/wp-json\/wp\/v2\/pages"}],"about":[{"href":"https:\/\/www.fernheiler-burkhard.ch\/anmelden\/wp-json\/wp\/v2\/types\/page"}],"author":[{"embeddable":true,"href":"https:\/\/www.fernheiler-burkhard.ch\/anmelden\/wp-json\/wp\/v2\/users\/1"}],"replies":[{"embeddable":true,"href":"https:\/\/www.fernheiler-burkhard.ch\/anmelden\/wp-json\/wp\/v2\/comments?post=27"}],"version-history":[{"count":10,"href":"https:\/\/www.fernheiler-burkhard.ch\/anmelden\/wp-json\/wp\/v2\/pages\/27\/revisions"}],"predecessor-version":[{"id":1389,"href":"https:\/\/www.fernheiler-burkhard.ch\/anmelden\/wp-json\/wp\/v2\/pages\/27\/revisions\/1389"}],"wp:attachment":[{"href":"https:\/\/www.fernheiler-burkhard.ch\/anmelden\/wp-json\/wp\/v2\/media?parent=27"}],"curies":[{"name":"wp","href":"https:\/\/api.w.org\/{rel}","templated":true}]}}