{"id":35,"date":"2016-01-31T16:13:31","date_gmt":"2016-01-31T15:13:31","guid":{"rendered":"https:\/\/www.fernheiler-burkhard.ch\/gratisprobemonat\/?page_id=35"},"modified":"2022-04-14T11:02:24","modified_gmt":"2022-04-14T09:02:24","slug":"agb","status":"publish","type":"page","link":"https:\/\/www.fernheiler-burkhard.ch\/anmelden\/agb\/","title":{"rendered":"AGB"},"content":{"rendered":"<p><span style=\"color: #990000;\"><strong>1. Allgemeines<\/strong><\/span><\/p>\n<p>Kontaktanschrift f\u00fcr alle Anliegen ist:<br \/>\nHans-Ulrich BURKHARD<br \/>\nKisperstrasse 6<br \/>\nCH 5742 K\u00f6lliken<br \/>\nEmail: info@tophilfe.ch<br \/>\nTelefon \u2013 Direktwahl aus der Schweiz\u00a0062 7230111<br \/>\nTelefon \u2013 Direktwahl aus dem Ausland +41 627230111<\/p>\n<p>Die nachstehenden allgemeinen Gesch\u00e4ftsbedingungen gelten f\u00fcr die BURKHARD-Fernhilfe.<\/p>\n<p>Abweichenden Vorschriften des Vertragspartners wird hier ausdr\u00fccklich widersprochen.<\/p>\n<p>Alle Nebenabreden, Sondervereinbarungen und speziellen Absprachen gelten erst, wenn Sie von Hans-Ulrich BURKHARD schriftlich best\u00e4tigt sind.<\/p>\n<p>Hans-Ulrich BURKHARD ist jederzeit berechtigt, diese allgemeinen Gesch\u00e4ftsbedingungen einschliesslich aller eventuellen Anlagen mit einer angemessenen K\u00fcndigungsfrist zu \u00e4ndern oder zu erg\u00e4nzen.<\/p>\n<p><span style=\"color: #990000;\"><strong>2. Zustandekommen des Vertrages<\/strong><\/span><\/p>\n<p>Der Kunde gibt mit Anmeldung zur Fernhilfe durch das Anmeldeformular, per Email einen verbindlichen Dienstleistungsauftrag zu den Bedingungen ab, die zu diesem Zeitpunkt im Angebot von Hans-Ulrich BURKHARD beschrieben sind.<\/p>\n<p>Alle Dienstleistungen sind mit Kostenangaben auf der Webseite von Hans-Ulrich BURKHARD genau beschrieben.<\/p>\n<p>Sollten diese Dienstleistungen f\u00fcr den Kunden nicht eindeutig und klar verst\u00e4ndlich sein, verpflichtet er sich, sich vor der Auftragserteilung genau bei Hans-Ulrich BURKHARD zu informieren.<\/p>\n<p>Der Vertrag kommt erst zustande, wenn die Auftragserteilung zu einer Fernhilfe von Hans-Ulrich BURKHARD angenommen und per Email best\u00e4tigt wurde, sowie vom Kunden bei kostenpflichtigen Angeboten im voraus bezahlt wurde, sofern es sich nicht um ein Gratisangebot handelt.<\/p>\n<p>Hans-Ulrich BURKHARD beh\u00e4lt sich ausdr\u00fccklich das Recht vor, Dienstleistungsauftr\u00e4ge ohne Begr\u00fcndung nicht anzunehmen und abzulehnen.<\/p>\n<p><strong><span style=\"color: #990000;\">3. Beginn und Ende der Dienstleistung<\/span><\/strong><\/p>\n<p>Der Beginn und das Ende der BURKHARD-Fernhilfe wird per Email individuell nach Eingang der Anmeldung und der entsprechenden Zahlung best\u00e4tigt.<\/p>\n<p>Sondervereinbarungen und spezielle Absprachen gelten erst, wenn Sie von Hans-Ulrich BURKHARD schriftlich per Email oder per Briefpost best\u00e4tigt sind.<\/p>\n<p>Die Verl\u00e4ngerung eines Auftrages wird erst g\u00fcltig, wenn die Vorauszahlung gutgeschrieben ist und die Fortsetzung des Auftrages von Hans-Ulrich BURKHRD per Email oder Brief best\u00e4tigt wurde.<\/p>\n<p>Dienstleistungsauftr\u00e4ge bei denen nicht ausdr\u00fccklich auf das Widerrufsrecht verzichtet wurde, beginnen 14 Werktage nach Auftragserteilung, falls in der Auftragsbest\u00e4tigung nicht anders vermerkt.<\/p>\n<p>Dienstleistungsauftr\u00e4ge werden nach Zahlungseingang innerhalb von 3 Werktagen gestartet, falls vom Kunden nicht anders gew\u00fcnscht und in der Best\u00e4tigung nicht anders vermerkt.<\/p>\n<p>Die Verl\u00e4ngerung eines Auftrages wird erst g\u00fcltig, wenn die Vorauszahlung gutgeschrieben ist und die Fortsetzung des Auftrages von Hans-Ulrich BURKHRD per Email oder Brief best\u00e4tigt wurde.<\/p>\n<p>Dienstleistungsauftr\u00e4ge werden in der Regel nach Zahlungseingang innerhalb von 3 Werktagen gestartet, falls vom Kunden nicht anders gew\u00fcnscht und in der Best\u00e4tigung nicht anders vermerkt.<\/p>\n<p><span style=\"color: #990000;\"><strong>4. Widerrufsbelehrung<\/strong><\/span><\/p>\n<p>Anmeldungen und bezahlte Auftr\u00e4ge k\u00f6nnen innerhalb von 14 Tagen nach Auftragserteilung von beiden Vertragsparteien begr\u00fcndet widerrufen werden.<\/p>\n<p><span style=\"color: #990000;\"><strong>5. Garantie- und Haftungsausschluss<\/strong><\/span><\/p>\n<p>Hans-Ulrich BURKHARD f\u00fchrt die Fernhilfe nach bestem Wissen und Gewissen aus und gew\u00e4hrt in keiner Weise eine Garantie auf Erfolg oder \u00c4hnliches.<\/p>\n<p>Es k\u00f6nnen also keine Garantieanspr\u00fcche auf Dienstleistungen von Hans-Ulrich BURKHARD geltend gemacht werden.<\/p>\n<p>Der Erfolg der Dienstleistungen von Hans-Ulrich BURKHARD h\u00e4ngt in wesentlichem Masse von der aktiven und gewissenhaften Mithilfe des Kunden ab. Es kann also sein, dass einige Personen keine positiven Resultate erzielen werden.<\/p>\n<p><span style=\"color: #990000;\"><strong>6. Speicherung der Daten von Kunden und Interessenten<\/strong><\/span><\/p>\n<p>Hans-Ulrich BURKHARD verpflichtet sich, alle pers\u00f6nlichen Daten vertraulich zu behandeln, diese weder weiter zu verkaufen, noch diese zu vermieten und die Privatsph\u00e4re zu sch\u00fctzen und zu respektieren nach den geltenden schweizerischen gesetzlichen Bestimmungen.<\/p>\n<p>Alle Daten von Kunden und Interessenten werden gespeichert.<\/p>\n<p>Sie k\u00f6nnen diese jederzeit ohne Angabe von Gr\u00fcnden \u00e4ndern oder l\u00f6schen lassen per Email oder Brief an oben genannte Adresse bei Punkt 1.<\/p>\n<p>Bei Werbe-Emails ist zudem zuunterst jeweils ein sogenannter \u201eL\u00f6schlink\u201c, wo Sie Ihre Daten selber mit zwei Klicks aus der Versandliste austragen k\u00f6nnen.<\/p>\n<p>Ihre Daten werden zum Austausch mit Ihnen von Informationen im Zusammenhang mit Dienstleistungsauftr\u00e4gen und Warenbestellungen benutzt.<\/p>\n<p>Zudem werden Ihnen in unregelm\u00e4ssigen Abst\u00e4nden die BURKHARD-Mentalnews und Informationen zu Neu- oder Sonderangeboten von Hans-Ulrich BURKHARD per Email oder schriftlich zugesendet.<\/p>\n<p>Mit der Angabe Ihrer Daten erkl\u00e4ren Sie sich damit einverstanden.<\/p>\n<p>Wenn Sie die BURKHARD-Mentalnews oder die Werbe-Emails nicht mehr m\u00f6chten, k\u00f6nnen Sie Ihre Daten jederzeit und ohne Angabe von Gr\u00fcnden \u00e4ndern oder l\u00f6schen lassen per Email oder Brief an oben genannte Adresse bei Punkt 1.<\/p>\n<p>Bei Werbe-Emails ist zudem zuunterst jeweils ein sogenannter \u201eL\u00f6schlink\u201c, wo Sie Ihre Daten selber mit zwei Klicks aus der Versandliste austragen k\u00f6nnen.<\/p>\n<p><span style=\"color: #990000;\"><strong>7. Gerichtsstand<\/strong><\/span><br \/>\nErf\u00fcllungsort und Gerichtsstand ist CH 5742 K\u00f6lliken.<\/p>\n<p>Es gilt ausschliesslich schweizerisches Recht.<\/p>\n","protected":false},"excerpt":{"rendered":"<p>1. Allgemeines Kontaktanschrift f\u00fcr alle Anliegen ist: Hans-Ulrich BURKHARD Kisperstrasse 6 CH 5742 K\u00f6lliken Email: info@tophilfe.ch Telefon \u2013 Direktwahl aus der Schweiz\u00a0062 7230111 Telefon \u2013 Direktwahl aus dem Ausland +41 627230111 Die nachstehenden allgemeinen Gesch\u00e4ftsbedingungen gelten f\u00fcr die BURKHARD-Fernhilfe. Abweichenden Vorschriften des Vertragspartners wird hier ausdr\u00fccklich widersprochen. Alle Nebenabreden, Sondervereinbarungen und speziellen Absprachen gelten erst,&#8230;<\/p>\n","protected":false},"author":1,"featured_media":0,"parent":0,"menu_order":0,"comment_status":"closed","ping_status":"open","template":"","meta":{"footnotes":""},"class_list":["post-35","page","type-page","status-publish","hentry"],"aioseo_notices":[],"_links":{"self":[{"href":"https:\/\/www.fernheiler-burkhard.ch\/anmelden\/wp-json\/wp\/v2\/pages\/35","targetHints":{"allow":["GET"]}}],"collection":[{"href":"https:\/\/www.fernheiler-burkhard.ch\/anmelden\/wp-json\/wp\/v2\/pages"}],"about":[{"href":"https:\/\/www.fernheiler-burkhard.ch\/anmelden\/wp-json\/wp\/v2\/types\/page"}],"author":[{"embeddable":true,"href":"https:\/\/www.fernheiler-burkhard.ch\/anmelden\/wp-json\/wp\/v2\/users\/1"}],"replies":[{"embeddable":true,"href":"https:\/\/www.fernheiler-burkhard.ch\/anmelden\/wp-json\/wp\/v2\/comments?post=35"}],"version-history":[{"count":5,"href":"https:\/\/www.fernheiler-burkhard.ch\/anmelden\/wp-json\/wp\/v2\/pages\/35\/revisions"}],"predecessor-version":[{"id":1056,"href":"https:\/\/www.fernheiler-burkhard.ch\/anmelden\/wp-json\/wp\/v2\/pages\/35\/revisions\/1056"}],"wp:attachment":[{"href":"https:\/\/www.fernheiler-burkhard.ch\/anmelden\/wp-json\/wp\/v2\/media?parent=35"}],"curies":[{"name":"wp","href":"https:\/\/api.w.org\/{rel}","templated":true}]}}