{"id":586,"date":"2016-11-29T09:53:31","date_gmt":"2016-11-29T08:53:31","guid":{"rendered":"https:\/\/www.fernheiler-burkhard.ch\/anmelden\/?page_id=586"},"modified":"2016-11-29T09:56:35","modified_gmt":"2016-11-29T08:56:35","slug":"sommeraktion-fernhilfe-bezahlen-auswahl","status":"publish","type":"page","link":"https:\/\/www.fernheiler-burkhard.ch\/anmelden\/sommeraktion-fernhilfe-bezahlen-auswahl\/","title":{"rendered":"Danke f\u00fcr Ihre Best\u00e4tigung &#8211; Bitte jetzt Sommeraktion-Fernhilfe noch bezahlen"},"content":{"rendered":"<h3>Vielen Dank f\u00fcr Ihre Anmeldung zur Sommeraktion-Fernhilfe.<br \/>\nBitte f\u00fchren Sie jetzt noch die entsprechende Zahlung aus.<\/h3>\n<p>&nbsp;<\/p>\n<p>Schritt 1:<br \/>\nBitte w\u00e4hlen Sie, in welcher W\u00e4hrung Sie bezahlen m\u00f6chten:<\/p>\n<p><a href=\"https:\/\/www.fernheiler-burkhard.ch\/anmelden\/sommeraktion-fernhilfe-in-euro-bezahlen\/\" target=\"_blank\"><img loading=\"lazy\" decoding=\"async\" class=\"alignnone wp-image-100 size-full\" src=\"https:\/\/www.fernheiler-burkhard.ch\/anmelden\/wp-content\/uploads\/sites\/2\/2016\/03\/logo-euro-110x40pixel.jpg\" alt=\"logo-euro-110x40pixel\" width=\"110\" height=\"40\" \/><\/a><\/p>\n<p><span style=\"text-decoration: underline; color: #990000;\"><strong><a style=\"color: #990000; text-decoration: underline;\" href=\"https:\/\/www.fernheiler-burkhard.ch\/anmelden\/sommeraktion-fernhilfe-in-euro-bezahlen\/\" target=\"_blank\">Ich m\u00f6chte in \u20acuro bezahlen &#8211; Weiter&#8230;<\/a><\/strong><\/span><\/p>\n<p><a href=\"https:\/\/www.fernheiler-burkhard.ch\/anmelden\/sommeraktion-fernhilfe-in-chf-bezahlen\/\" target=\"_blank\"><img loading=\"lazy\" decoding=\"async\" class=\"alignnone wp-image-102 size-full\" src=\"https:\/\/www.fernheiler-burkhard.ch\/anmelden\/wp-content\/uploads\/sites\/2\/2016\/03\/logo-chf-110x40pixel.jpg\" alt=\"logo-chf-110x40pixel\" width=\"110\" height=\"40\" \/><\/a><\/p>\n<p><a href=\"https:\/\/www.fernheiler-burkhard.ch\/anmelden\/sommeraktion-fernhilfe-in-chf-bezahlen\/\" target=\"_blank\"><span style=\"text-decoration: underline;\"><strong><span style=\"color: #990000; text-decoration: underline;\">Ich m\u00f6chte in CHF (Schweizerfranken) bezahlen &#8211; Weiter&#8230;<\/span><\/strong><\/span><\/a><\/p>\n","protected":false},"excerpt":{"rendered":"<p>Vielen Dank f\u00fcr Ihre Anmeldung zur Sommeraktion-Fernhilfe. Bitte f\u00fchren Sie jetzt noch die entsprechende Zahlung aus. &nbsp; Schritt 1: Bitte w\u00e4hlen Sie, in welcher W\u00e4hrung Sie bezahlen m\u00f6chten: Ich m\u00f6chte in \u20acuro bezahlen &#8211; Weiter&#8230; Ich m\u00f6chte in CHF (Schweizerfranken) bezahlen &#8211; Weiter&#8230;<\/p>\n","protected":false},"author":1,"featured_media":0,"parent":0,"menu_order":0,"comment_status":"closed","ping_status":"open","template":"tpl-full-width.php","meta":{"footnotes":""},"class_list":["post-586","page","type-page","status-publish","hentry"],"aioseo_notices":[],"_links":{"self":[{"href":"https:\/\/www.fernheiler-burkhard.ch\/anmelden\/wp-json\/wp\/v2\/pages\/586","targetHints":{"allow":["GET"]}}],"collection":[{"href":"https:\/\/www.fernheiler-burkhard.ch\/anmelden\/wp-json\/wp\/v2\/pages"}],"about":[{"href":"https:\/\/www.fernheiler-burkhard.ch\/anmelden\/wp-json\/wp\/v2\/types\/page"}],"author":[{"embeddable":true,"href":"https:\/\/www.fernheiler-burkhard.ch\/anmelden\/wp-json\/wp\/v2\/users\/1"}],"replies":[{"embeddable":true,"href":"https:\/\/www.fernheiler-burkhard.ch\/anmelden\/wp-json\/wp\/v2\/comments?post=586"}],"version-history":[{"count":4,"href":"https:\/\/www.fernheiler-burkhard.ch\/anmelden\/wp-json\/wp\/v2\/pages\/586\/revisions"}],"predecessor-version":[{"id":591,"href":"https:\/\/www.fernheiler-burkhard.ch\/anmelden\/wp-json\/wp\/v2\/pages\/586\/revisions\/591"}],"wp:attachment":[{"href":"https:\/\/www.fernheiler-burkhard.ch\/anmelden\/wp-json\/wp\/v2\/media?parent=586"}],"curies":[{"name":"wp","href":"https:\/\/api.w.org\/{rel}","templated":true}]}}