{"id":21,"date":"2016-01-31T15:59:18","date_gmt":"2016-01-31T14:59:18","guid":{"rendered":"https:\/\/www.fernheiler-burkhard.ch\/gratisprobemonat\/?page_id=21"},"modified":"2026-02-02T09:21:26","modified_gmt":"2026-02-02T08:21:26","slug":"mentalnews","status":"publish","type":"page","link":"https:\/\/www.fernheiler-burkhard.ch\/mentalnews\/","title":{"rendered":"BURKHARD-Mentalnews"},"content":{"rendered":"<p><strong><span style=\"color: #990000;\">Ja, ich m\u00f6chte die in unregelm\u00e4ssigen Abst\u00e4nden erscheinenden BURKHARD-Mentalnews abonnieren.<\/span><\/strong><\/p>\n<p><strong>Unverbindlich und kostenlos.<\/strong><\/p>\n<p>Sie k\u00f6nnen sich jederzeit wieder selbstst\u00e4ndig austragen aus dem Verteiler.<br \/>\n<!-- Beginn Anmeldecode --><\/p>\n<form id=\"formps\" action=\"https:\/\/tophilfe.com\/resp\/registrieren.php\" method=\"POST\" name=\"formps\"><input name=\"liste\" type=\"hidden\" value=\"1\" \/><br \/>\n<input name=\"sp_code\" type=\"hidden\" value=\"Spamschutz-aktiviert\" \/><\/p>\n<table border=\"0\">\n<tbody>\n<tr>\n<td align=\"left\">Spamschutz-Dieses Feld leer lassen:<\/td>\n<td align=\"left\">\n<div class=\"zeileemail\"><input name=\"email_pruefen\" size=\"1 required=\" type=\"email\" value=\"\" \/><\/div>\n<\/td>\n<\/tr>\n<tr>\n<td align=\"left\">Vorname:<\/td>\n<td align=\"left\"><input name=\"vorname\" required=\"\" size=\"30\" type=\"text\" value=\"\" \/><\/td>\n<\/tr>\n<tr>\n<td align=\"left\">Name:<\/td>\n<td align=\"left\"><input name=\"name\" required=\"\" size=\"30\" type=\"text\" value=\"\" \/><\/td>\n<\/tr>\n<tr>\n<td align=\"left\">E-Mail:<\/td>\n<td align=\"left\"><input name=\"email\" required=\"\" size=\"30\" type=\"text\" value=\"\" \/><\/td>\n<\/tr>\n<tr>\n<td align=\"left\">Datenschutz gelesen:<\/td>\n<td align=\"left\"><input name=\"datenschutz\" required=\"\" type=\"Checkbox\" value=\"ja\" \/><\/td>\n<\/tr>\n<tr>\n<td align=\"left\">AGB gelesen:<\/td>\n<td align=\"left\"><input name=\"agb\" required=\"\" type=\"Checkbox\" value=\"ja\" \/><\/td>\n<\/tr>\n<tr>\n<td colspan=\"2\" align=\"center\"><input name=\"anmeldung\" type=\"Submit\" value=\"Ja, ich m\u00f6chte die BURKHARD-Mentalnews\" \/><\/td>\n<\/tr>\n<\/tbody>\n<\/table>\n<\/form>\n<p><!-- Ende Anmeldecode --><\/p>\n<hr \/>\n<p><span style=\"color: #990000;\"><strong>F\u00fcr Gesundheit und Vitalit\u00e4t<\/strong><\/span><\/p>\n<ul>\n<li>Wenn Sie endlich von Grund auf gesund und vital sein wollen &#8211; einfach wieder richtig gesund sein.<\/li>\n<li>Wenn Sie K\u00f6rper, Geist und Seele in Einklang bringen wollen &#8211; einfach wieder in Harmonie sein.<\/li>\n<li>Wenn Sie die Selbstheilkr\u00e4fte aktivieren wollen &#8211; einfach gesund, fit, frisch und vital sein.<\/li>\n<\/ul>\n<p><span style=\"color: #990000;\"><strong>f\u00fcr Beruf und Berufung<\/strong><\/span><\/p>\n<ul>\n<li>Wenn Sie endlich beruflich erfolgreich sein wollen &#8211; einfach so richtig durchstarten und aufsteigen im Beruf.<\/li>\n<li>Wenn Sie endlich Ihre Berufung finden wollen &#8211; einfach das tun was stimmig, erf\u00fcllend und befriedigend ist.<\/li>\n<li>Wenn Sie Ihrer Berufung folgen wollen &#8211; einfach die Kraft und den Mut haben der Berufung zu folgen.<\/li>\n<li>Wenn Sie Ihr eigener Chef werden wollen &#8211; einfach das erfolgreich tun was mir entspricht und mich erf\u00fcllt.<\/li>\n<\/ul>\n<p><strong><span style=\"color: #990000;\">F\u00fcr Geld und Lebenserfolg<\/span><\/strong><\/p>\n<ul>\n<li>Wenn Sie endlich finanziell erfolgreich sein wollen &#8211; einfach genug Geld haben um alle W\u00fcnsche zu erf\u00fcllen.<\/li>\n<li>Wenn Sie eine optimale Einstellung zu Geld und Lebenserfolg aktivieren wollen &#8211; einfach ich selbst sein.<\/li>\n<li>Wenn Sie ein Geldmagnet werden wollen &#8211; einfach eine starke und erfolgreiche Pers\u00f6nlichkeit sein.<\/li>\n<\/ul>\n<p><span style=\"color: #990000;\"><strong>F\u00fcr Partnerschaft und Liebe<\/strong><\/span><\/p>\n<ul>\n<li>Wenn Sie endlich Ihren Seelenpartner haben wollen &#8211; einfach gl\u00fccklich sein mit dem idealen Partner.<\/li>\n<li>Wenn Sie die Liebe in der Partnerschaft wieder beleben wollen &#8211; einfach wieder jeden Tag verliebt sein.<\/li>\n<li>Wenn Sie ein Liebesmagnet werden wollen &#8211; einfach eine starke und liebevolle Pers\u00f6nlichkeit sein.<\/li>\n<\/ul>\n<hr \/>\n<p><span style=\"color: #990000;\"><strong>Die Grundlagen der geistigen Fernhilfe<\/strong><\/span><\/p>\n<p>Grundlage der Geistheilung und der geistigen Fernhilfe ist das erprobte Verst\u00e4ndnis aus, dass Gedanken Energie sind.<\/p>\n<p>Gute Gedanken an Harmonie, Gesundheit, Freude, Liebe, Entfaltung und Wohlstand l\u00f6sen gute Gef\u00fchle, positives Handeln und erfolgreiches Gelingen aus.<\/p>\n<p>K\u00f6rper, Geist und Seele werden ruhig und entspannt und k\u00f6nnen so harmonisch zusammenwirken, was sich k\u00f6rperlich und seelisch in Gesundheit, Wohlbefinden und in einem liebevollen Ausdruck \u00e4ussert.<\/p>\n<p>Da viele Menschen ihren Gedanken und Gef\u00fchlen unkontrolliert freien Lauf lassen und sich so alsbald in Kummer, Sorgen und Mangeldenken verstricken, \u00e4ussert sich ihre \u201ereale Welt\u201c entsprechend mit Krankheiten, Problemen, Schmerzen, Leid und Mangel.<\/p>\n<p>Die Erfahrung beweist, dass man auch seinen Mitmenschen gute, aufbauende, und liebevolle Gedanken schicken und widmen kann, welche dann eine Harmonisierung, Gesundung und Entfaltung in den Mitmenschen ausl\u00f6sen.<\/p>\n<p>Die professionelle Fernhilfe, welche ich anbiete, funktioniert also entsprechend diesen Naturgesetzen:<\/p>\n<ul>\n<li><strong>Gedanken = Energie<\/strong><\/li>\n<li><strong>Positive Gedankenenergie = Heilsame und harmonisierende gute Energie<\/strong><\/li>\n<li><strong>Gute Gedankenenergie an Patienten = Heilsame und harmonisierende Wirkung im Patienten<\/strong><\/li>\n<\/ul>\n<p><strong><span style=\"color: #990000;\">Bewusstsein und Unterbewusstsein<\/span><\/strong><\/p>\n<p>Wenn Bewusstsein und Unterbewusstsein in harmonischen Einklang sind, k\u00f6nnen wir unbegrenzt aus dem universellen Bewusstsein sch\u00f6pfen.<\/p>\n<p>Dies spiegelt sich in unseren Lebensumst\u00e4nden als Gesundheit, Erfolg, Zufriedenheit und gutes Gelingen in allen Lebensbereichen.<\/p>\n<p>Das Bewusstsein ist unser Verstand und unsere Gedanken.<\/p>\n<p>Diese Gedanken beeinflussen das Unterbewusstsein.<\/p>\n<p>Das Unterbewusstsein ist in unserem Solarplexus (obere Bauchmitte) und ist ein treuer Diener und f\u00fchrt alles aus, was ihm vom Bewusstsein wiederholt gesendet wurde.<\/p>\n<p>Vertrauen ist der gr\u00f6sste positive Multiplikator.<\/p>\n<p>Vertrauen l\u00e4sst das Unterbewusstsein aufbl\u00fchen und vergr\u00f6ssert seine Strahlkraft.<\/p>\n<p>Gesundheit, Erfolg und Wohlbefinden sind die Folge.<\/p>\n<p>Angst ist der gr\u00f6sste negative Multiplikator.<\/p>\n<p>Angst l\u00e4sst das Unterbewusstsein schrumpfen und blockiert die Lebensenergie.<br \/>\nKrankheit, Mangel und Beschwerden sind die Folge.<\/p>\n<p>Bewusstsein und Unterbewusstsein werden dann in harmonischem Einklang sein, wenn vom Verstand und den Gedanken her vorwiegend aufbauende, positive, vertrauens- und liebevolle Energie an das Unterbewusstsein gesendet werden.<\/p>\n<p>Je mehr das Unterbewusstsein aufbl\u00fcht und seine volle Strahlkraft fliessen lassen kann, desto mehr \u00f6ffnet sich auch der Kanal zur Urquelle dieser Strahlkraft.<\/p>\n<p>Diese Urquelle aller Energie ist das universelle Bewusstsein.<\/p>\n<p>Daraus kann alles Lebendige endlos und unbegrenzt sch\u00f6pfen.<\/p>\n<hr \/>\n<p><strong><span style=\"color: #990000;\">All IS ONE &#8211; Alles ist Eins und miteinander verbunden<\/span><\/strong><\/p>\n<p>Wir sind ganzheitliche Wesen und in uns und um uns herum ist alles miteinander verkn\u00fcpft und verbunden.<\/p>\n<p>Jede Ursache l\u00f6st eine Wirkung aus.<\/p>\n<p>Jede Wirkung ist automatisch wieder Ursache f\u00fcr eine weitere Wirkung.<\/p>\n<p>Dadurch entstehen Kettenreaktionen, die immer mehr und mehr an Eigendynamik und an Wirkungskraft gewinnen.<\/p>\n<p>Letztendlich wird alles zu einer Gewohnheit oder einer Art Automatismus.<\/p>\n<p>Wenn die urspr\u00fcngliche Ursache eher negativ gef\u00e4rbt war, dann l\u00f6st das nat\u00fcrlich negative Kettenreaktionen aus.<\/p>\n<p><span style=\"color: #990000;\"><strong>Fazit:<\/strong><\/span><\/p>\n<p>Wenn Sie wieder mehr Gesundheit, mehr Erfolg und Harmonie in Ihr Leben bringen wollen, ist es nicht unbedingt so wichtig, wo man damit beginnt wieder heilsam-positive Ursachen zu setzen, sondern dass man \u00fcberhaupt einfach irgendwo anf\u00e4ngt.<\/p>\n<p>Am sinnvollsten ist es immer, zuerst mit den kleinen Problemen, St\u00f6rungen und Beschwerden zu beginnen, damit man bald einmal Erfolgserlebnisse sieht.<\/p>\n<p>Erstens motiviert das zum Weitermachen und Dranbleiben und zweitens wirkt sich das so oder so auch schon positiv auf die grossen Probleme aus, \u2013 Kettenreaktion sei Dank.<\/p>\n<p><strong>Grunds\u00e4tzlich k\u00f6nnen alle erdenklichen Lebensprobleme, Beschwerden, \u00dcbel und Umst\u00e4nde mit geistiger Fernhilfe positiv unterst\u00fctzt werden.<\/strong><\/p>\n<hr \/>\n<p>&nbsp;<\/p>\n<p>&nbsp;<\/p>\n","protected":false},"excerpt":{"rendered":"<p>Ja, ich m\u00f6chte die in unregelm\u00e4ssigen Abst\u00e4nden erscheinenden BURKHARD-Mentalnews abonnieren. Unverbindlich und kostenlos. Sie k\u00f6nnen sich jederzeit wieder selbstst\u00e4ndig austragen aus dem Verteiler. Spamschutz-Dieses Feld leer lassen: Vorname: Name: E-Mail: Datenschutz gelesen: AGB gelesen: F\u00fcr Gesundheit und Vitalit\u00e4t Wenn Sie endlich von Grund auf gesund und vital sein wollen &#8211; einfach wieder richtig gesund sein&#8230;.<\/p>\n","protected":false},"author":1,"featured_media":0,"parent":0,"menu_order":1,"comment_status":"closed","ping_status":"closed","template":"","meta":{"footnotes":""},"class_list":["post-21","page","type-page","status-publish","hentry"],"aioseo_notices":[],"_links":{"self":[{"href":"https:\/\/www.fernheiler-burkhard.ch\/mentalnews\/wp-json\/wp\/v2\/pages\/21","targetHints":{"allow":["GET"]}}],"collection":[{"href":"https:\/\/www.fernheiler-burkhard.ch\/mentalnews\/wp-json\/wp\/v2\/pages"}],"about":[{"href":"https:\/\/www.fernheiler-burkhard.ch\/mentalnews\/wp-json\/wp\/v2\/types\/page"}],"author":[{"embeddable":true,"href":"https:\/\/www.fernheiler-burkhard.ch\/mentalnews\/wp-json\/wp\/v2\/users\/1"}],"replies":[{"embeddable":true,"href":"https:\/\/www.fernheiler-burkhard.ch\/mentalnews\/wp-json\/wp\/v2\/comments?post=21"}],"version-history":[{"count":92,"href":"https:\/\/www.fernheiler-burkhard.ch\/mentalnews\/wp-json\/wp\/v2\/pages\/21\/revisions"}],"predecessor-version":[{"id":1836,"href":"https:\/\/www.fernheiler-burkhard.ch\/mentalnews\/wp-json\/wp\/v2\/pages\/21\/revisions\/1836"}],"wp:attachment":[{"href":"https:\/\/www.fernheiler-burkhard.ch\/mentalnews\/wp-json\/wp\/v2\/media?parent=21"}],"curies":[{"name":"wp","href":"https:\/\/api.w.org\/{rel}","templated":true}]}}