{"id":33,"date":"2016-01-31T16:12:27","date_gmt":"2016-01-31T15:12:27","guid":{"rendered":"https:\/\/www.fernheiler-burkhard.ch\/gratisprobemonat\/?page_id=33"},"modified":"2022-01-15T11:04:12","modified_gmt":"2022-01-15T10:04:12","slug":"mehr-ueber-mich","status":"publish","type":"page","link":"https:\/\/www.fernheiler-burkhard.ch\/mentalnews\/mehr-ueber-mich\/","title":{"rendered":"Mehr \u00fcber mich"},"content":{"rendered":"<p>Mein Name ist Hans-Ulrich Burkhard und ich bin 1953 in Sumiswald in der Schweiz geboren.<\/p>\n<p>Den gr\u00f6ssten Teil meiner Jugendjahre verbrachte\u00a0ich\u00a0in dem auch heute noch idyllischen Juradorf Mandach AG.<\/p>\n<p>Meine Eltern bewirtschafteten dort einen groesseren Bauernhof.<\/p>\n<p>Ich erlernte dort den Beruf des diplomierten Landwirtes.<\/p>\n<p>Der t\u00e4gliche Umgang mit Tieren und das Hineinleben in die Zyklen von s\u00e4en, pflegen und ernten pr\u00e4gten meine Naturverbundenheit und Achtung vor der Sch\u00f6pfung tief.<\/p>\n<p>Nach verschiedenen Lehr- und Wanderjahren entdeckte ich aus pers\u00f6nlichen Unstimmigkeiten heraus die Gesetze der Natur, die f\u00fcr Gesundheit und Krankheit verantwortlich sind.<\/p>\n<p>Nach und nach reifte in mir das Bed\u00fcrfnis, mit diesen Erkenntnissen, welche ich im Bekanntenkreis bereits regelm\u00e4ssig anwandte, meinen Lebensunterhalt zu bestreiten.<\/p>\n<p>So er\u00f6ffnete ich 1980 in Oberentfelden meine Praxis f\u00fcr Geistheilung und Lebensberatung.<\/p>\n<p>Seither widme ich mich t\u00e4glich vollamtlich dieser T\u00e4tigkeit und durfte im Verlaufe dieser nun schon \u00fcber 35-j\u00e4hrigen Epoche vielen tausend Menschen helfen bei Beschwerden \u00dcbeln und Problemen.<\/p>\n<p>Mit Gespr\u00e4chen, wo ich die geistigen Gesetze von Ursache und Wirkung erkl\u00e4re, helfe ich das Bewusstsein der Menschen auf die positiven Grundwerte von Gesundheit, Gl\u00fcck und Erfolg umzupolen.<\/p>\n<p>Mit Handauflegen werden bei den pers\u00f6nlichen Konsultationen bei k\u00f6rperlichen und seelischen Beschwerden die Selbstheilkr\u00e4fte angeregt f\u00fcr die Aktivierung von Gesundheit und Wohlbefinden.<\/p>\n<p><strong>Mit geistiger Fernhilfe unterst\u00fctze ich alle m\u00f6glichen Dinge f\u00fcr eine Harmonisierung und ein positives Gelingen.<\/strong><\/p>\n<p>Bei all meinen Diensten ist es mir vor allem wichtig, den Menschen zu erkl\u00e4ren, dass sie selber der Baumeister ihres Lebens sind.<\/p>\n<p>Das Gesetz der Anziehung, das wie ein Magnet wirkt und alles in unser Leben zieht, worauf wir unsere Aufmerksamkeit lenken, ist mir besonders wichtig.<\/p>\n<p>Denn viele Menschen richten ihre Aufmerksamkeit unbewusst der Folgen st\u00e4ndig auf Schmerzen, Kummer, Sorgen und Leid und ziehen so immer mehr davon an.<\/p>\n<p>Den Menschen zu helfen, diesen negativen Kreislauf zu durchbrechen und ins Positive umzulenken ist zusammengefasst mein gr\u00f6sstes Anliegen.<\/p>\n<p>In meiner Freizeit widme ich mich von Jahr zu Jahr immer intensiver der kreativen, k\u00fcnstlerischen Ausdrucksweise mit Malerei und Skulpturen.<\/p>\n<hr \/>\n<p><span style=\"color: #990000;\"><strong>Noch ein pers\u00f6nliches Wort&#8230;.<\/strong><\/span><\/p>\n<p>Seit mehr als 42 Jahren helfe ich mit geistiger Fernhilfe, sowie mit Handauflegen, pers\u00f6nlichen Beratungen und Seminaren und Selbsthilfeprogrammen den Mitmenschen wieder in ihre Mitte zu finden und so gesund, erfolgreich und gl\u00fccklich zu werden.<\/p>\n<p>Jeder Mensch steckt in einer anderen Entwicklungsphase, hat viele pers\u00f6nliche Erfahrungen und Erlebnisse hinter sich und dementsprechende \u00dcberzeugungen, Meinungen und Vorstellungen des Lebens.<\/p>\n<p>Wenn Sie mit Ihren Lebensumst\u00e4nden zufrieden sind, k\u00f6nnen Sie davon ausgehen, dass Sie in Harmonie mit den Lebensgesetzen denken, f\u00fchlen und handeln.<\/p>\n<p>Wenn Ihre Lebensumst\u00e4nde allerdings nicht zufriedenstellend sind, k\u00f6nnen Sie davon ausgehen, dass Sie in Disharmonie mit den Lebensgesetzen denken, f\u00fchlen und handeln.<\/p>\n<p>Letztendlich strafen Sie sich so selber durch dieses disharmonische Denken, F\u00fchlen und Handeln.<\/p>\n<p>Wenn Sie etwas ver\u00e4ndern wollen in Ihrem Leben, m\u00fcssen Sie bereit sein, offen und neutral zu werden und sich neu ausrichten auf das Erw\u00fcnschte. Zudem m\u00fcssen Sie bereit sein, Altes und \u00dcberholtes loszulassen.<\/p>\n<p>F\u00fcr viele Menschen ist das sehr schwer und ist meist der Hauptgrund, wenn sich ein Erfolg entweder gar nicht oder nur z\u00f6gerlich einstellt. Viele kleben f\u00f6rmlich an alten \u00dcberzeugungen, Meinungen und Vorstellungen. Meist ist eine grosse Angst dahinter versteckt. Doch wenn Sie nicht lernen, diese \u00c4ngste zu \u00fcberwinden, wird sich nichts \u00e4ndern in Ihrem Leben.<\/p>\n<p>Wenn Sie meine Hilfe, Begleitung, Beratung und Unterst\u00fctzung in Anspruch nehmen wollen, erwarte ich von Ihnen, dass Sie auch konkret, gezielt und ernsthaft mithelfen.<\/p>\n<p>Wenn Sie nicht bereit sind, mitzuhelfen und Altes loszulassen, melden Sie sich besser nicht an. Dann bedanke ich mich, dass Sie mindestens bis hierhin gelesen haben und w\u00fcnsche Ihnen alles Gute auf Ihrem weiteren Lebensweg.<\/p>\n<p><strong>Ich will, dass Sie ein Gewinner werden \u2013 gesund, zufrieden, erfolgreich, beliebt und wohlhabend.<\/strong><\/p>\n<p>Diese Erfolgsbegriffe k\u00f6nnen Sie selbstverst\u00e4ndlich selber so definieren, dass diese f\u00fcr Sie stimmig sind. Nicht jede Person will zum Beispiel Million\u00e4r werden, aber jede Person m\u00f6chte doch finanziell so frei sein, dass sie sich nicht st\u00e4ndig Sorgen machen muss \u00fcber den Mangel an Geld.<\/p>\n<p>So ist es auch mit der Gesundheit, mit der Liebe, der Partnerschaft, dem Beruf, sowie dem gesellschaftlichen und sozialen Status.<\/p>\n<p>Wir alle haben das Potential in uns, den gegenw\u00e4rtigen Zustand mindesten zehnfach zu verbessern \u2013 eben vorausgesetzt, wir zeigen Bereitschaft zur Ver\u00e4nderung \u2013 auch Sie!<\/p>\n<p><strong>Ver\u00e4nderungen m\u00fcssen zuerst im Denken, dann im F\u00fchlen und dann im Handeln stattfinden.<\/strong><\/p>\n<p>Wenn Sie also die Lust und die Bereitschaft haben, auf die Sonnenseite des Lebens zu wechseln, dann sind Sie bei mir richtig. Gerne hole ich Sie mental dort ab, wo Sie gerade stehen \u2013 auch wenn dies in einer noch so aussichtslos scheinenden Situation sein sollte. Es gibt immer einen Weg \u2013 und er heisst immer vorw\u00e4rts \u2013 neu ausgerichtet \u2013 hin zu den W\u00fcnschen, zu den Tr\u00e4umen, zu den Zielen.<\/p>\n<p>Schritt f\u00fcr Schritt k\u00f6nnen wir zusammen die n\u00f6tige Lebensenergie aktivieren und in die richtigen Bahnen lenken.<\/p>\n<p>Herzlichen Dank f\u00fcr Ihre Aufmerksamkeit und herzliche Gr\u00fcsse<\/p>\n<p><img loading=\"lazy\" decoding=\"async\" class=\"alignnone size-medium wp-image-278\" src=\"https:\/\/www.fernheiler-burkhard.ch\/wp-content\/uploads\/2015\/10\/03-Foto-Hans-Ulrich-BURKHARD-300x219.jpg\" alt=\"03-Foto-Hans-Ulrich BURKHARD\" width=\"300\" height=\"219\" \/><\/p>\n<p><strong>Hans-Ulrich BURKHARD<\/strong><\/p>\n<p><strong><span style=\"color: #990000;\">P.S.<\/span><\/strong> &#8211; Wenn Sie gesund, erfolgreich und gl\u00fccklich sind, werden Sie zu einem Kraftmagneten f\u00fcr Ihre Mitmenschen. Gelegentlich werden Sie auch einige Neider antreffen, doch das ist nicht so schlimm. Besserwisser sind immer Schlechtermacher und m\u00f6chten eigentlich nur mehr Aufmerksamkeit und es auch besser haben im Leben.<\/p>\n<p>Haben Sie einfach Freude, Spass und pure Lust am Leben. Bleiben Sie aber auf dem Boden und heben nicht zu sehr ins Vergeistigte ab. Auch wenn dort die Quelle aller Energie ist, m\u00fcssen wir doch einen Weg finden, diese in unserem jetzigen, realen, irdischen Dasein zum Ausdruck zu bringen.<\/p>\n<p>Das bedeutet meist Disziplin, Beharrlichkeit und Engagement.<\/p>\n<p>Doch der Lohn und das Resultat wird uns nicht nur entsch\u00e4digen daf\u00fcr , sondern reichlich und im \u00dcberfluss belohnen.<\/p>\n<p><strong><span style=\"color: #990000;\">Haftungsausschluss (Disclaimer)<\/span><\/strong><br \/>\nAus rechtlichen Gr\u00fcnden muss ich Sie darauf aufmerksam machen, dass geistige Fernhilfe nicht wissenschaftlich gepr\u00fcft ist. Es kann also sein, dass einige Personen keine positiven Resultate erzielen werden.<\/p>\n","protected":false},"excerpt":{"rendered":"<p>Mein Name ist Hans-Ulrich Burkhard und ich bin 1953 in Sumiswald in der Schweiz geboren. Den gr\u00f6ssten Teil meiner Jugendjahre verbrachte\u00a0ich\u00a0in dem auch heute noch idyllischen Juradorf Mandach AG. Meine Eltern bewirtschafteten dort einen groesseren Bauernhof. Ich erlernte dort den Beruf des diplomierten Landwirtes. Der t\u00e4gliche Umgang mit Tieren und das Hineinleben in die Zyklen&#8230;<\/p>\n","protected":false},"author":1,"featured_media":0,"parent":0,"menu_order":0,"comment_status":"closed","ping_status":"open","template":"","meta":{"footnotes":""},"class_list":["post-33","page","type-page","status-publish","hentry"],"aioseo_notices":[],"_links":{"self":[{"href":"https:\/\/www.fernheiler-burkhard.ch\/mentalnews\/wp-json\/wp\/v2\/pages\/33","targetHints":{"allow":["GET"]}}],"collection":[{"href":"https:\/\/www.fernheiler-burkhard.ch\/mentalnews\/wp-json\/wp\/v2\/pages"}],"about":[{"href":"https:\/\/www.fernheiler-burkhard.ch\/mentalnews\/wp-json\/wp\/v2\/types\/page"}],"author":[{"embeddable":true,"href":"https:\/\/www.fernheiler-burkhard.ch\/mentalnews\/wp-json\/wp\/v2\/users\/1"}],"replies":[{"embeddable":true,"href":"https:\/\/www.fernheiler-burkhard.ch\/mentalnews\/wp-json\/wp\/v2\/comments?post=33"}],"version-history":[{"count":8,"href":"https:\/\/www.fernheiler-burkhard.ch\/mentalnews\/wp-json\/wp\/v2\/pages\/33\/revisions"}],"predecessor-version":[{"id":1521,"href":"https:\/\/www.fernheiler-burkhard.ch\/mentalnews\/wp-json\/wp\/v2\/pages\/33\/revisions\/1521"}],"wp:attachment":[{"href":"https:\/\/www.fernheiler-burkhard.ch\/mentalnews\/wp-json\/wp\/v2\/media?parent=33"}],"curies":[{"name":"wp","href":"https:\/\/api.w.org\/{rel}","templated":true}]}}